{"id":13,"date":"2022-04-12T14:13:11","date_gmt":"2022-04-12T14:13:11","guid":{"rendered":"https:\/\/atoengenharia.eng.br\/?page_id=13"},"modified":"2022-05-02T03:36:07","modified_gmt":"2022-05-02T03:36:07","slug":"contato","status":"publish","type":"page","link":"https:\/\/atoengenharia.eng.br\/index.php\/contato\/","title":{"rendered":"Contato"},"content":{"rendered":"\n<div class=\"wp-block-columns alignfull is-layout-flex wp-container-core-columns-is-layout-9d6595d7 wp-block-columns-is-layout-flex\">\n<div class=\"wp-block-column is-layout-flow wp-block-column-is-layout-flow\">\n<div style=\"width: 100%\"><iframe loading=\"lazy\" scrolling=\"no\" marginheight=\"0\" marginwidth=\"0\" src=\"https:\/\/maps.google.com\/maps?width=100%25&amp;height=400&amp;hl=en&amp;q=rua%20assuncao%20152%20barueri&amp;t=&amp;z=14&amp;ie=UTF8&amp;iwloc=B&amp;output=embed\" width=\"100%\" height=\"400\" frameborder=\"0\"><\/iframe><\/div>\n\n\n\n<p><\/p>\n<\/div>\n<\/div>\n\n\n\n<div class=\"wp-block-columns container is-layout-flex wp-container-core-columns-is-layout-9d6595d7 wp-block-columns-is-layout-flex\">\n<div class=\"wp-block-column is-vertically-aligned-center is-layout-flow wp-block-column-is-layout-flow\">\n<h2 class=\"hestia-title wp-block-heading\">Entre em contato<\/h2>\n\n\n\n<div style=\"height:40px\" aria-hidden=\"true\" class=\"wp-block-spacer\"><\/div>\n\n\n\n<div class=\"contact-wrapper\">\n\t\t\t\t\t\t\t\t\t\t\t\t\t\t\t\t\t\t\t<div class=\"content\">\n\t\t\t\n\t\t\t  <form>\n\t\t\t   <div class=\"form-group\">\n\t\t\t    <input type=\"text\" id=\"fname\" name=\"firstname\" placeholder=\"Nome\">\n\t\t\t<\/div>\n\t\t\t<div class=\"form-group\">\n\t\t\t    <input type=\"text\" id=\"lname\" name=\"lastname\" placeholder=\"Empresa\">\n\t\t\t<\/div>\n\t\t\t<div class=\"form-group\">\n\t\t\t    <textarea id=\"subject\" name=\"subject\" placeholder=\"Mensagem\" style=\"height:200px\"><\/textarea>\n\t\t\t<\/div>\n\t\t\t    <input type=\"submit\" value=\"Enviar\">\n\t\t\t\n\t\t\t  <\/form>\n\t\t\t<\/div>\n\t\t\t<\/div>\n<\/div>\n\n\n\n<div class=\"wp-block-column is-vertically-aligned-center is-layout-flow wp-block-column-is-layout-flow\">\n<div class=\"wp-block-columns is-layout-flex wp-container-core-columns-is-layout-9d6595d7 wp-block-columns-is-layout-flex\">\n<div class=\"wp-block-column is-layout-flow wp-block-column-is-layout-flow\"><\/div>\n\n\n\n<div class=\"wp-block-column is-layout-flow wp-block-column-is-layout-flow\" style=\"flex-basis:50%\">\n<h4 class=\"has-text-align-left hestia-title has-text-color wp-block-heading\" style=\"color:#3c4858;font-size:18px\"><img decoding=\"async\" class=\"wp-image-86\" style=\"width: 25px;\" src=\"https:\/\/atoengenharia.eng.br\/wp-content\/themes\/hestia\/assets\/img\/contact1.png\" alt=\"Map icon\">  Visite nosso escrit\u00f3rio<\/h4>\n\n\n\n<p class=\"has-text-align-left has-text-color\" style=\"color:#999999;font-size:14px\">Rua Assun\u00e7\u00e3o, Num.: 152, Vila Viana &#8211; Barueri &#8211; S\u00e3o Paulo<\/p>\n\n\n\n<div style=\"height:40px\" aria-hidden=\"true\" class=\"wp-block-spacer\"><\/div>\n\n\n\n<h4 class=\"has-text-align-left hestia-title has-text-color wp-block-heading\" style=\"color:#3c4858;font-size:18px\"><img decoding=\"async\" class=\"wp-image-98\" style=\"width: 25px;\" src=\"https:\/\/atoengenharia.eng.br\/wp-content\/themes\/hestia\/assets\/img\/contact2.png\" alt=\"\">  <strong><strong>Telefones<\/strong><\/strong><\/h4>\n\n\n\n<p>+55 11 97521-3244<br>+55 11 97722-1644<\/p>\n\n\n\n<p>seg &#8211; sex, 8:00-18:00<\/p>\n\n\n\n<div style=\"height:40px\" aria-hidden=\"true\" class=\"wp-block-spacer\"><\/div>\n\n\n\n<p class=\"has-text-align-left has-text-color\" style=\"color:#999999;font-size:14px\"><\/p>\n<\/div>\n\n\n\n<div class=\"wp-block-column is-layout-flow wp-block-column-is-layout-flow\"><\/div>\n<\/div>\n<\/div>\n<\/div>\n\n\n\n<p><\/p>\n","protected":false},"excerpt":{"rendered":"<p>Entre em contato Visite nosso escrit\u00f3rio Rua Assun\u00e7\u00e3o, Num.: 152, Vila Viana &#8211; Barueri &#8211; S\u00e3o Paulo Telefones +55 11 97521-3244+55 11 97722-1644 seg &#8211; sex, 8:00-18:00<\/p>\n","protected":false},"author":1,"featured_media":5,"parent":0,"menu_order":0,"comment_status":"closed","ping_status":"closed","template":"page-templates\/template-pagebuilder-full-width.php","meta":{"footnotes":""},"class_list":["post-13","page","type-page","status-publish","has-post-thumbnail","hentry"],"_links":{"self":[{"href":"https:\/\/atoengenharia.eng.br\/index.php\/wp-json\/wp\/v2\/pages\/13","targetHints":{"allow":["GET"]}}],"collection":[{"href":"https:\/\/atoengenharia.eng.br\/index.php\/wp-json\/wp\/v2\/pages"}],"about":[{"href":"https:\/\/atoengenharia.eng.br\/index.php\/wp-json\/wp\/v2\/types\/page"}],"author":[{"embeddable":true,"href":"https:\/\/atoengenharia.eng.br\/index.php\/wp-json\/wp\/v2\/users\/1"}],"replies":[{"embeddable":true,"href":"https:\/\/atoengenharia.eng.br\/index.php\/wp-json\/wp\/v2\/comments?post=13"}],"version-history":[{"count":18,"href":"https:\/\/atoengenharia.eng.br\/index.php\/wp-json\/wp\/v2\/pages\/13\/revisions"}],"predecessor-version":[{"id":377,"href":"https:\/\/atoengenharia.eng.br\/index.php\/wp-json\/wp\/v2\/pages\/13\/revisions\/377"}],"wp:featuredmedia":[{"embeddable":true,"href":"https:\/\/atoengenharia.eng.br\/index.php\/wp-json\/wp\/v2\/media\/5"}],"wp:attachment":[{"href":"https:\/\/atoengenharia.eng.br\/index.php\/wp-json\/wp\/v2\/media?parent=13"}],"curies":[{"name":"wp","href":"https:\/\/api.w.org\/{rel}","templated":true}]}}