{"id":331,"date":"2022-05-01T00:23:35","date_gmt":"2022-05-01T00:23:35","guid":{"rendered":"https:\/\/atoengenharia.eng.br\/?page_id=331"},"modified":"2022-05-01T14:03:47","modified_gmt":"2022-05-01T14:03:47","slug":"linha-de-vida","status":"publish","type":"page","link":"https:\/\/atoengenharia.eng.br\/index.php\/linha-de-vida\/","title":{"rendered":"Linha de vida"},"content":{"rendered":"\t\t<div data-elementor-type=\"wp-page\" data-elementor-id=\"331\" class=\"elementor elementor-331\">\n\t\t\t\t\t\t\t\t\t<section class=\"elementor-section elementor-top-section elementor-element elementor-element-98336eb elementor-section-boxed elementor-section-height-default elementor-section-height-default\" data-id=\"98336eb\" data-element_type=\"section\">\n\t\t\t\t\t\t<div class=\"elementor-container elementor-column-gap-default\">\n\t\t\t\t\t<div class=\"elementor-column elementor-col-100 elementor-top-column elementor-element elementor-element-2990154\" data-id=\"2990154\" data-element_type=\"column\">\n\t\t\t<div class=\"elementor-widget-wrap elementor-element-populated\">\n\t\t\t\t\t\t\t\t<div class=\"elementor-element elementor-element-f1ba124 elementor-widget elementor-widget-heading\" data-id=\"f1ba124\" data-element_type=\"widget\" data-widget_type=\"heading.default\">\n\t\t\t\t<div class=\"elementor-widget-container\">\n\t\t\t<style>\/*! elementor - v3.6.5 - 27-04-2022 *\/\n.elementor-heading-title{padding:0;margin:0;line-height:1}.elementor-widget-heading .elementor-heading-title[class*=elementor-size-]>a{color:inherit;font-size:inherit;line-height:inherit}.elementor-widget-heading .elementor-heading-title.elementor-size-small{font-size:15px}.elementor-widget-heading .elementor-heading-title.elementor-size-medium{font-size:19px}.elementor-widget-heading .elementor-heading-title.elementor-size-large{font-size:29px}.elementor-widget-heading .elementor-heading-title.elementor-size-xl{font-size:39px}.elementor-widget-heading .elementor-heading-title.elementor-size-xxl{font-size:59px}<\/style><h2 class=\"elementor-heading-title elementor-size-default\">Instala\u00e7\u00e3o de linha de vida<\/h2>\t\t<\/div>\n\t\t\t\t<\/div>\n\t\t\t\t\t<\/div>\n\t\t<\/div>\n\t\t\t\t\t\t\t<\/div>\n\t\t<\/section>\n\t\t\t\t<section class=\"elementor-section elementor-top-section elementor-element elementor-element-89e1b91 elementor-section-boxed elementor-section-height-default elementor-section-height-default\" data-id=\"89e1b91\" data-element_type=\"section\">\n\t\t\t\t\t\t<div class=\"elementor-container elementor-column-gap-default\">\n\t\t\t\t\t<div class=\"elementor-column elementor-col-50 elementor-top-column elementor-element elementor-element-de56af7\" data-id=\"de56af7\" data-element_type=\"column\">\n\t\t\t<div class=\"elementor-widget-wrap elementor-element-populated\">\n\t\t\t\t\t\t\t\t<div class=\"elementor-element elementor-element-9aa6777 elementor-widget elementor-widget-text-editor\" data-id=\"9aa6777\" data-element_type=\"widget\" data-widget_type=\"text-editor.default\">\n\t\t\t\t<div class=\"elementor-widget-container\">\n\t\t\t<style>\/*! elementor - v3.6.5 - 27-04-2022 *\/\n.elementor-widget-text-editor.elementor-drop-cap-view-stacked .elementor-drop-cap{background-color:#818a91;color:#fff}.elementor-widget-text-editor.elementor-drop-cap-view-framed .elementor-drop-cap{color:#818a91;border:3px solid;background-color:transparent}.elementor-widget-text-editor:not(.elementor-drop-cap-view-default) .elementor-drop-cap{margin-top:8px}.elementor-widget-text-editor:not(.elementor-drop-cap-view-default) .elementor-drop-cap-letter{width:1em;height:1em}.elementor-widget-text-editor .elementor-drop-cap{float:left;text-align:center;line-height:1;font-size:50px}.elementor-widget-text-editor .elementor-drop-cap-letter{display:inline-block}<\/style>\t\t\t\t<p><span class=\"markedContent\" id=\"page10R_mcid3\"><span role=\"presentation\" dir=\"ltr\">Um dos principais fatores para o sucesso de uma empresa certamente envolve a<\/span><\/span><span class=\"markedContent\" id=\"page10R_mcid4\"><br role=\"presentation\"><span role=\"presentation\" dir=\"ltr\">seguran\u00e7a do trabalho<\/span><\/span><span class=\"markedContent\" id=\"page10R_mcid5\"><span role=\"presentation\" dir=\"ltr\">, isso, n\u00e3o exclusivamente, porque sem ela a sa\u00fade e qualidade de<\/span><\/span><span class=\"markedContent\" id=\"page10R_mcid6\"><br role=\"presentation\"><span role=\"presentation\" dir=\"ltr\">vida de seus funcion\u00e1rios poder\u00e3o ficar em<\/span><\/span><span class=\"markedContent\" id=\"page10R_mcid7\"><span role=\"presentation\" dir=\"ltr\"> <\/span><span role=\"presentation\" dir=\"ltr\">risco<\/span><\/span><span class=\"markedContent\" id=\"page10R_mcid8\"><span role=\"presentation\" dir=\"ltr\">, mas tamb\u00e9m a falta de cuidados<\/span><\/span><span class=\"markedContent\" id=\"page10R_mcid9\"><br role=\"presentation\"><span role=\"presentation\" dir=\"ltr\">com o trabalhador em SST vai transmitir a mensagem de uma empresa que n\u00e3o se<\/span><\/span><span class=\"markedContent\" id=\"page10R_mcid10\"><br role=\"presentation\"><span role=\"presentation\" dir=\"ltr\">preocupa com seus colaboradores, prejudicando a identifica\u00e7\u00e3o entre o trabalhador<\/span><\/span><span class=\"markedContent\" id=\"page10R_mcid11\"><br role=\"presentation\"><span role=\"presentation\" dir=\"ltr\">e a empresa e consequentemente sua dedica\u00e7\u00e3o e empenho.<\/span><\/span><\/p>\n<p><\/p>\n<p><span class=\"markedContent\" id=\"page10R_mcid12\"><span role=\"presentation\" dir=\"ltr\">Um exemplo de equipamento de seguran\u00e7a do trabalho que \u00e9 essencial, mais<\/span><\/span><span class=\"markedContent\" id=\"page10R_mcid13\"><br role=\"presentation\"><span role=\"presentation\" dir=\"ltr\">especificamente, para trabalho em altura, \u00e9 a<\/span><\/span><span class=\"markedContent\" id=\"page10R_mcid14\"><span role=\"presentation\" dir=\"ltr\"> <\/span><span role=\"presentation\" dir=\"ltr\">linha de vida ou linha de ancoragem<\/span><\/span><span class=\"markedContent\" id=\"page10R_mcid15\"><span role=\"presentation\" dir=\"ltr\">.<\/span><\/span><span class=\"markedContent\" id=\"page10R_mcid16\"><br role=\"presentation\"><span role=\"presentation\" dir=\"ltr\">A Norma Regulamentadora 35, em seu Anexo II, bem como a NBR 16.325\/2014<\/span><\/span><span class=\"markedContent\" id=\"page10R_mcid17\"><span role=\"presentation\" dir=\"ltr\"> <\/span><span role=\"presentation\" dir=\"ltr\">\u2013<\/span><\/span><span class=\"markedContent\" id=\"page10R_mcid18\"><br role=\"presentation\"><span role=\"presentation\" dir=\"ltr\">Prote\u00e7\u00e3o Contra Quedas em altura<\/span><\/span><span class=\"markedContent\" id=\"page10R_mcid19\"><span role=\"presentation\" dir=\"ltr\"> <\/span><span role=\"presentation\" dir=\"ltr\">\u2013<\/span><\/span><span class=\"markedContent\" id=\"page10R_mcid20\"><span role=\"presentation\" dir=\"ltr\"> <\/span><span role=\"presentation\" dir=\"ltr\">Dispositivos de ancoragem, estipulam que ela<\/span><\/span><span class=\"markedContent\" id=\"page10R_mcid21\"><br role=\"presentation\"><span role=\"presentation\" dir=\"ltr\">deve ser instalada em pontos de ancoragem previamente dimensionados e determinados<\/span><\/span><span class=\"markedContent\" id=\"page10R_mcid22\"><br role=\"presentation\"><span role=\"presentation\" dir=\"ltr\">por profissional legalmente qualificado. Com isso, o colaborador t\u00eam a liberdade e a<\/span><\/span><span class=\"markedContent\" id=\"page10R_mcid23\"><br role=\"presentation\"><span role=\"presentation\" dir=\"ltr\">confian\u00e7a para se movimentar em toda a sua extens\u00e3o com a devida prote\u00e7\u00e3o contra uma<\/span><\/span><span class=\"markedContent\" id=\"page10R_mcid24\"><span role=\"presentation\" dir=\"ltr\"> eventual queda.<\/span><\/span><span class=\"markedContent\" id=\"page10R_mcid25\"><span role=\"presentation\" dir=\"ltr\"> <\/span><span role=\"presentation\" dir=\"ltr\">Referente a linha de vida para trabalho em telhado, a NR 18 orienta que a<\/span><\/span><span class=\"markedContent\" id=\"page10R_mcid26\"><span role=\"presentation\" dir=\"ltr\"> fixa\u00e7\u00e3o da ancoragem deve ser realizada em estrutura definitiva da edifica\u00e7\u00e3o<\/span><\/span><\/p>\t\t\t\t\t\t<\/div>\n\t\t\t\t<\/div>\n\t\t\t\t\t<\/div>\n\t\t<\/div>\n\t\t\t\t<div class=\"elementor-column elementor-col-50 elementor-top-column elementor-element elementor-element-4424282\" data-id=\"4424282\" data-element_type=\"column\">\n\t\t\t<div class=\"elementor-widget-wrap elementor-element-populated\">\n\t\t\t\t\t\t\t\t<div class=\"elementor-element elementor-element-8b7b05d elementor-widget elementor-widget-image\" data-id=\"8b7b05d\" data-element_type=\"widget\" data-widget_type=\"image.default\">\n\t\t\t\t<div class=\"elementor-widget-container\">\n\t\t\t<style>\/*! elementor - v3.6.5 - 27-04-2022 *\/\n.elementor-widget-image{text-align:center}.elementor-widget-image a{display:inline-block}.elementor-widget-image a img[src$=\".svg\"]{width:48px}.elementor-widget-image img{vertical-align:middle;display:inline-block}<\/style>\t\t\t\t\t\t\t\t\t\t\t\t<img loading=\"lazy\" decoding=\"async\" width=\"474\" height=\"355\" src=\"https:\/\/atoengenharia.eng.br\/wp-content\/uploads\/2022\/05\/linha1.png\" class=\"attachment-large size-large\" alt=\"\" srcset=\"https:\/\/atoengenharia.eng.br\/wp-content\/uploads\/2022\/05\/linha1.png 474w, https:\/\/atoengenharia.eng.br\/wp-content\/uploads\/2022\/05\/linha1-300x225.png 300w\" sizes=\"auto, (max-width: 474px) 100vw, 474px\" \/>\t\t\t\t\t\t\t\t\t\t\t\t\t\t\t<\/div>\n\t\t\t\t<\/div>\n\t\t\t\t\t<\/div>\n\t\t<\/div>\n\t\t\t\t\t\t\t<\/div>\n\t\t<\/section>\n\t\t\t\t<section class=\"elementor-section elementor-top-section elementor-element elementor-element-0cb0d27 elementor-section-boxed elementor-section-height-default elementor-section-height-default\" data-id=\"0cb0d27\" data-element_type=\"section\">\n\t\t\t\t\t\t<div class=\"elementor-container elementor-column-gap-default\">\n\t\t\t\t\t<div class=\"elementor-column elementor-col-100 elementor-top-column elementor-element elementor-element-d63b337\" data-id=\"d63b337\" data-element_type=\"column\">\n\t\t\t<div class=\"elementor-widget-wrap elementor-element-populated\">\n\t\t\t\t\t\t\t\t<div class=\"elementor-element elementor-element-5c87042 elementor-arrows-position-inside elementor-pagination-position-outside elementor-widget elementor-widget-image-carousel\" data-id=\"5c87042\" data-element_type=\"widget\" data-settings=\"{&quot;navigation&quot;:&quot;both&quot;,&quot;autoplay&quot;:&quot;yes&quot;,&quot;pause_on_hover&quot;:&quot;yes&quot;,&quot;pause_on_interaction&quot;:&quot;yes&quot;,&quot;autoplay_speed&quot;:5000,&quot;infinite&quot;:&quot;yes&quot;,&quot;speed&quot;:500}\" data-widget_type=\"image-carousel.default\">\n\t\t\t\t<div class=\"elementor-widget-container\">\n\t\t\t<style>\/*! elementor - v3.6.5 - 27-04-2022 *\/\n.elementor-widget-image-carousel .swiper-container{position:static}.elementor-widget-image-carousel .swiper-container .swiper-slide figure{line-height:inherit}.elementor-widget-image-carousel .swiper-slide{text-align:center}.elementor-image-carousel-wrapper:not(.swiper-container-initialized) .swiper-slide{max-width:calc(100% \/ var(--e-image-carousel-slides-to-show, 3))}<\/style>\t\t<div class=\"elementor-image-carousel-wrapper swiper-container\" dir=\"ltr\">\n\t\t\t<div class=\"elementor-image-carousel swiper-wrapper\">\n\t\t\t\t\t\t\t\t<div class=\"swiper-slide\"><figure class=\"swiper-slide-inner\"><img decoding=\"async\" class=\"swiper-slide-image\" src=\"https:\/\/atoengenharia.eng.br\/wp-content\/uploads\/2022\/05\/linhac1-1000x751.png\" alt=\"linhac1\" \/><\/figure><\/div><div class=\"swiper-slide\"><figure class=\"swiper-slide-inner\"><img decoding=\"async\" class=\"swiper-slide-image\" src=\"https:\/\/atoengenharia.eng.br\/wp-content\/uploads\/2022\/05\/linhac2-1000x751.png\" alt=\"linhac2\" \/><\/figure><\/div><div class=\"swiper-slide\"><figure class=\"swiper-slide-inner\"><img decoding=\"async\" class=\"swiper-slide-image\" src=\"https:\/\/atoengenharia.eng.br\/wp-content\/uploads\/2022\/05\/linhac3-1000x751.png\" alt=\"linhac3\" \/><\/figure><\/div><div class=\"swiper-slide\"><figure class=\"swiper-slide-inner\"><img decoding=\"async\" class=\"swiper-slide-image\" src=\"https:\/\/atoengenharia.eng.br\/wp-content\/uploads\/2022\/05\/linhac4-1000x751.png\" alt=\"linhac4\" \/><\/figure><\/div><div class=\"swiper-slide\"><figure class=\"swiper-slide-inner\"><img decoding=\"async\" class=\"swiper-slide-image\" src=\"https:\/\/atoengenharia.eng.br\/wp-content\/uploads\/2022\/05\/linhac5-1000x751.png\" alt=\"linhac5\" \/><\/figure><\/div>\t\t\t<\/div>\n\t\t\t\t\t\t\t\t\t\t\t\t<div class=\"swiper-pagination\"><\/div>\n\t\t\t\t\t\t\t\t\t\t\t\t\t<div class=\"elementor-swiper-button elementor-swiper-button-prev\">\n\t\t\t\t\t\t<i aria-hidden=\"true\" class=\"eicon-chevron-left\"><\/i>\t\t\t\t\t\t<span class=\"elementor-screen-only\">Anterior<\/span>\n\t\t\t\t\t<\/div>\n\t\t\t\t\t<div class=\"elementor-swiper-button elementor-swiper-button-next\">\n\t\t\t\t\t\t<i aria-hidden=\"true\" class=\"eicon-chevron-right\"><\/i>\t\t\t\t\t\t<span class=\"elementor-screen-only\">Pr\u00f3ximo<\/span>\n\t\t\t\t\t<\/div>\n\t\t\t\t\t\t\t\t\t<\/div>\n\t\t\t\t<\/div>\n\t\t\t\t<\/div>\n\t\t\t\t\t<\/div>\n\t\t<\/div>\n\t\t\t\t\t\t\t<\/div>\n\t\t<\/section>\n\t\t\t\t<section class=\"elementor-section elementor-top-section elementor-element elementor-element-6dd0995 elementor-section-boxed elementor-section-height-default elementor-section-height-default\" data-id=\"6dd0995\" data-element_type=\"section\">\n\t\t\t\t\t\t<div class=\"elementor-container elementor-column-gap-default\">\n\t\t\t\t\t<div class=\"elementor-column elementor-col-33 elementor-top-column elementor-element elementor-element-c52864c\" data-id=\"c52864c\" data-element_type=\"column\">\n\t\t\t<div class=\"elementor-widget-wrap\">\n\t\t\t\t\t\t\t\t\t<\/div>\n\t\t<\/div>\n\t\t\t\t<div class=\"elementor-column elementor-col-33 elementor-top-column elementor-element elementor-element-a66f91b\" data-id=\"a66f91b\" data-element_type=\"column\">\n\t\t\t<div class=\"elementor-widget-wrap\">\n\t\t\t\t\t\t\t\t\t<\/div>\n\t\t<\/div>\n\t\t\t\t<div class=\"elementor-column elementor-col-33 elementor-top-column elementor-element elementor-element-2b1d551\" data-id=\"2b1d551\" data-element_type=\"column\">\n\t\t\t<div class=\"elementor-widget-wrap\">\n\t\t\t\t\t\t\t\t\t<\/div>\n\t\t<\/div>\n\t\t\t\t\t\t\t<\/div>\n\t\t<\/section>\n\t\t\t\t<section class=\"elementor-section elementor-top-section elementor-element elementor-element-18e451b elementor-section-boxed elementor-section-height-default elementor-section-height-default\" data-id=\"18e451b\" data-element_type=\"section\">\n\t\t\t\t\t\t<div class=\"elementor-container elementor-column-gap-default\">\n\t\t\t\t\t<div class=\"elementor-column elementor-col-50 elementor-top-column elementor-element elementor-element-a9593ee\" data-id=\"a9593ee\" data-element_type=\"column\">\n\t\t\t<div class=\"elementor-widget-wrap\">\n\t\t\t\t\t\t\t\t\t<\/div>\n\t\t<\/div>\n\t\t\t\t<div class=\"elementor-column elementor-col-50 elementor-top-column elementor-element elementor-element-c637d89\" data-id=\"c637d89\" data-element_type=\"column\">\n\t\t\t<div class=\"elementor-widget-wrap elementor-element-populated\">\n\t\t\t\t\t\t\t\t<div class=\"elementor-element elementor-element-ce240a6 elementor-widget elementor-widget-text-editor\" data-id=\"ce240a6\" data-element_type=\"widget\" data-widget_type=\"text-editor.default\">\n\t\t\t\t<div class=\"elementor-widget-container\">\n\t\t\t\t\t\t\t<p><span class=\"markedContent\" id=\"page29R_mcid3\"><span role=\"presentation\" dir=\"ltr\">Vale ressaltar que, o uso de linha de vida para telhado<\/span><\/span><span class=\"markedContent\" id=\"page29R_mcid4\"><span role=\"presentation\" dir=\"ltr\"> segue as determina\u00e7\u00f5es da<\/span><\/span><span class=\"markedContent\" id=\"page29R_mcid5\"><br role=\"presentation\" \/><span role=\"presentation\" dir=\"ltr\">NBR 16.325<\/span><\/span><span class=\"markedContent\" id=\"page29R_mcid6\"><span role=\"presentation\" dir=\"ltr\"> <\/span><span role=\"presentation\" dir=\"ltr\">\u2013<\/span><\/span><span class=\"markedContent\" id=\"page29R_mcid7\"><span role=\"presentation\" dir=\"ltr\"> <\/span><span role=\"presentation\" dir=\"ltr\">Prote\u00e7\u00e3o contra quedas de altura<\/span><\/span><span class=\"markedContent\" id=\"page29R_mcid8\"><span role=\"presentation\" dir=\"ltr\">.<\/span><\/span><span class=\"markedContent\" id=\"page29R_mcid9\"><br role=\"presentation\" \/><span role=\"presentation\" dir=\"ltr\"><br \/><\/span><\/span><\/p><p><span class=\"markedContent\" id=\"page29R_mcid9\"><span role=\"presentation\" dir=\"ltr\">Esse tipo de linha de vida foi desenvolvida para<\/span><\/span><span class=\"markedContent\" id=\"page29R_mcid10\"><br role=\"presentation\" \/><span role=\"presentation\" dir=\"ltr\">trabalhos em alturas, com diversas finalidades, tais como:<\/span><\/span><span class=\"markedContent\" id=\"page29R_mcid11\"><br role=\"presentation\" \/><span role=\"presentation\" dir=\"ltr\">\u2022<\/span><\/span><span class=\"markedContent\" id=\"page29R_mcid12\"><span role=\"presentation\" dir=\"ltr\"> <\/span><span role=\"presentation\" dir=\"ltr\">Limpeza de telhado<\/span><\/span><span class=\"markedContent\" id=\"page29R_mcid13\"><br role=\"presentation\" \/><span role=\"presentation\" dir=\"ltr\">\u2022<\/span><\/span><span class=\"markedContent\" id=\"page29R_mcid14\"><span role=\"presentation\" dir=\"ltr\"> <\/span><span role=\"presentation\" dir=\"ltr\">Limpeza de chamin\u00e9s<\/span><\/span><span class=\"markedContent\" id=\"page29R_mcid15\"><br role=\"presentation\" \/><span role=\"presentation\" dir=\"ltr\">\u2022<\/span><\/span><span class=\"markedContent\" id=\"page29R_mcid16\"><span role=\"presentation\" dir=\"ltr\"> <\/span><span role=\"presentation\" dir=\"ltr\">Manuten\u00e7\u00e3o de telhado (troca de telhas)<\/span><\/span><span class=\"markedContent\" id=\"page29R_mcid17\"><br role=\"presentation\" \/><span role=\"presentation\" dir=\"ltr\">\u2022<\/span><\/span><span class=\"markedContent\" id=\"page29R_mcid18\"><span role=\"presentation\" dir=\"ltr\"> <\/span><span role=\"presentation\" dir=\"ltr\">Limpeza de calhas de telhados<\/span><\/span><span class=\"markedContent\" id=\"page29R_mcid19\"><br role=\"presentation\" \/><span role=\"presentation\" dir=\"ltr\"><br \/><\/span><\/span><\/p><p><span class=\"markedContent\" id=\"page29R_mcid19\"><span role=\"presentation\" dir=\"ltr\">A linha de vida deve ser utilizada exclusivamente para a<\/span><\/span><span class=\"markedContent\" id=\"page29R_mcid20\"><br role=\"presentation\" \/><span role=\"presentation\" dir=\"ltr\">prote\u00e7\u00e3o contra quedas de pessoas<\/span><\/span><span class=\"markedContent\" id=\"page29R_mcid21\"><span role=\"presentation\" dir=\"ltr\">. N\u00e3o \u00e9 autorizado<\/span><\/span><span class=\"markedContent\" id=\"page29R_mcid22\"><br role=\"presentation\" \/><span role=\"presentation\" dir=\"ltr\">qualquer outro uso. Em particular, nunca deve ser<\/span><\/span><span class=\"markedContent\" id=\"page29R_mcid23\"><br role=\"presentation\" \/><span role=\"presentation\" dir=\"ltr\">utilizada como sistema de suspens\u00e3o.<\/span><\/span><\/p>\t\t\t\t\t\t<\/div>\n\t\t\t\t<\/div>\n\t\t\t\t\t<\/div>\n\t\t<\/div>\n\t\t\t\t\t\t\t<\/div>\n\t\t<\/section>\n\t\t\t\t\t\t\t<\/div>\n\t\t","protected":false},"excerpt":{"rendered":"<p>Instala\u00e7\u00e3o de linha de vida Um dos principais fatores para o sucesso de uma empresa certamente envolve aseguran\u00e7a do trabalho, isso, n\u00e3o exclusivamente, porque sem ela a sa\u00fade e qualidade devida de seus funcion\u00e1rios poder\u00e3o ficar em risco, mas tamb\u00e9m a falta de cuidadoscom o trabalhador em SST vai transmitir [&hellip;]<\/p>\n","protected":false},"author":1,"featured_media":0,"parent":0,"menu_order":0,"comment_status":"closed","ping_status":"closed","template":"page-templates\/template-pagebuilder-full-width.php","meta":{"footnotes":""},"class_list":["post-331","page","type-page","status-publish","hentry"],"_links":{"self":[{"href":"https:\/\/atoengenharia.eng.br\/index.php\/wp-json\/wp\/v2\/pages\/331","targetHints":{"allow":["GET"]}}],"collection":[{"href":"https:\/\/atoengenharia.eng.br\/index.php\/wp-json\/wp\/v2\/pages"}],"about":[{"href":"https:\/\/atoengenharia.eng.br\/index.php\/wp-json\/wp\/v2\/types\/page"}],"author":[{"embeddable":true,"href":"https:\/\/atoengenharia.eng.br\/index.php\/wp-json\/wp\/v2\/users\/1"}],"replies":[{"embeddable":true,"href":"https:\/\/atoengenharia.eng.br\/index.php\/wp-json\/wp\/v2\/comments?post=331"}],"version-history":[{"count":11,"href":"https:\/\/atoengenharia.eng.br\/index.php\/wp-json\/wp\/v2\/pages\/331\/revisions"}],"predecessor-version":[{"id":351,"href":"https:\/\/atoengenharia.eng.br\/index.php\/wp-json\/wp\/v2\/pages\/331\/revisions\/351"}],"wp:attachment":[{"href":"https:\/\/atoengenharia.eng.br\/index.php\/wp-json\/wp\/v2\/media?parent=331"}],"curies":[{"name":"wp","href":"https:\/\/api.w.org\/{rel}","templated":true}]}}