{"id":390,"date":"2022-05-05T04:28:19","date_gmt":"2022-05-05T04:28:19","guid":{"rendered":"https:\/\/atoengenharia.eng.br\/?page_id=390"},"modified":"2022-05-05T05:04:25","modified_gmt":"2022-05-05T05:04:25","slug":"reforma-e-manutencao","status":"publish","type":"page","link":"https:\/\/atoengenharia.eng.br\/index.php\/reforma-e-manutencao\/","title":{"rendered":"Reforma e manutencao"},"content":{"rendered":"\t\t<div data-elementor-type=\"wp-page\" data-elementor-id=\"390\" class=\"elementor elementor-390\">\n\t\t\t\t\t\t\t\t\t<section class=\"elementor-section elementor-top-section elementor-element elementor-element-0ac07ab elementor-section-boxed elementor-section-height-default elementor-section-height-default\" data-id=\"0ac07ab\" data-element_type=\"section\">\n\t\t\t\t\t\t<div class=\"elementor-container elementor-column-gap-default\">\n\t\t\t\t\t<div class=\"elementor-column elementor-col-100 elementor-top-column elementor-element elementor-element-2fe5533\" data-id=\"2fe5533\" data-element_type=\"column\">\n\t\t\t<div class=\"elementor-widget-wrap elementor-element-populated\">\n\t\t\t\t\t\t\t\t<div class=\"elementor-element elementor-element-bcc7b89 elementor-widget elementor-widget-heading\" data-id=\"bcc7b89\" data-element_type=\"widget\" data-widget_type=\"heading.default\">\n\t\t\t\t<div class=\"elementor-widget-container\">\n\t\t\t<style>\/*! elementor - v3.6.5 - 27-04-2022 *\/\n.elementor-heading-title{padding:0;margin:0;line-height:1}.elementor-widget-heading .elementor-heading-title[class*=elementor-size-]>a{color:inherit;font-size:inherit;line-height:inherit}.elementor-widget-heading .elementor-heading-title.elementor-size-small{font-size:15px}.elementor-widget-heading .elementor-heading-title.elementor-size-medium{font-size:19px}.elementor-widget-heading .elementor-heading-title.elementor-size-large{font-size:29px}.elementor-widget-heading .elementor-heading-title.elementor-size-xl{font-size:39px}.elementor-widget-heading .elementor-heading-title.elementor-size-xxl{font-size:59px}<\/style><h2 class=\"elementor-heading-title elementor-size-default\">Reforma e manuten\u00e7\u00e3o<\/h2>\t\t<\/div>\n\t\t\t\t<\/div>\n\t\t\t\t\t<\/div>\n\t\t<\/div>\n\t\t\t\t\t\t\t<\/div>\n\t\t<\/section>\n\t\t\t\t<section class=\"elementor-section elementor-top-section elementor-element elementor-element-8136e5c elementor-section-boxed elementor-section-height-default elementor-section-height-default\" data-id=\"8136e5c\" data-element_type=\"section\">\n\t\t\t\t\t\t<div class=\"elementor-container elementor-column-gap-default\">\n\t\t\t\t\t<div class=\"elementor-column elementor-col-50 elementor-top-column elementor-element elementor-element-2b9de0e\" data-id=\"2b9de0e\" data-element_type=\"column\">\n\t\t\t<div class=\"elementor-widget-wrap elementor-element-populated\">\n\t\t\t\t\t\t\t\t<div class=\"elementor-element elementor-element-4481b62 elementor-widget elementor-widget-text-editor\" data-id=\"4481b62\" data-element_type=\"widget\" data-widget_type=\"text-editor.default\">\n\t\t\t\t<div class=\"elementor-widget-container\">\n\t\t\t<style>\/*! elementor - v3.6.5 - 27-04-2022 *\/\n.elementor-widget-text-editor.elementor-drop-cap-view-stacked .elementor-drop-cap{background-color:#818a91;color:#fff}.elementor-widget-text-editor.elementor-drop-cap-view-framed .elementor-drop-cap{color:#818a91;border:3px solid;background-color:transparent}.elementor-widget-text-editor:not(.elementor-drop-cap-view-default) .elementor-drop-cap{margin-top:8px}.elementor-widget-text-editor:not(.elementor-drop-cap-view-default) .elementor-drop-cap-letter{width:1em;height:1em}.elementor-widget-text-editor .elementor-drop-cap{float:left;text-align:center;line-height:1;font-size:50px}.elementor-widget-text-editor .elementor-drop-cap-letter{display:inline-block}<\/style>\t\t\t\t<p><span class=\"markedContent\" id=\"page112R_mcid3\"><span role=\"presentation\" dir=\"ltr\">A ATO ENGENHARIA, atua com projetos de todas as dimens\u00f5es e atende a todos os<\/span><\/span><span class=\"markedContent\" id=\"page112R_mcid4\"><br role=\"presentation\" \/><span role=\"presentation\" dir=\"ltr\">segmentos industriais. Conta com os mais experientes e competentes profissionais para<\/span><\/span><span class=\"markedContent\" id=\"page112R_mcid5\"><br role=\"presentation\" \/><span role=\"presentation\" dir=\"ltr\">executar projetos de:<\/span><\/span><span class=\"markedContent\" id=\"page112R_mcid6\"><br role=\"presentation\" \/><span role=\"presentation\" dir=\"ltr\">\u2022<\/span><\/span><span class=\"markedContent\" id=\"page112R_mcid7\"><span role=\"presentation\" dir=\"ltr\"> <\/span><span role=\"presentation\" dir=\"ltr\">Telhado com Abertura para Ventila\u00e7\u00e3o;<\/span><\/span><span class=\"markedContent\" id=\"page112R_mcid8\"><br role=\"presentation\" \/><span role=\"presentation\" dir=\"ltr\">\u2022<\/span><\/span><span class=\"markedContent\" id=\"page112R_mcid9\"><span role=\"presentation\" dir=\"ltr\"> <\/span><span role=\"presentation\" dir=\"ltr\">Ventila\u00e7\u00e3o e Exaust\u00e3o de Galp\u00e3o Industrial;<\/span><\/span><span class=\"markedContent\" id=\"page112R_mcid10\"><br role=\"presentation\" \/><span role=\"presentation\" dir=\"ltr\">\u2022<\/span><\/span><span class=\"markedContent\" id=\"page112R_mcid11\"><span role=\"presentation\" dir=\"ltr\"> <\/span><span role=\"presentation\" dir=\"ltr\">Domos de Ventila\u00e7\u00e3o;<\/span><\/span><span class=\"markedContent\" id=\"page112R_mcid12\"><br role=\"presentation\" \/><span role=\"presentation\" dir=\"ltr\">\u2022<\/span><\/span><span class=\"markedContent\" id=\"page112R_mcid13\"><span role=\"presentation\" dir=\"ltr\"> <\/span><span role=\"presentation\" dir=\"ltr\">Ilumina\u00e7\u00e3o Industrial.<\/span><\/span><span class=\"markedContent\" id=\"page112R_mcid14\"><br role=\"presentation\" \/><span role=\"presentation\" dir=\"ltr\">Nossa equipe realiza todos os servi\u00e7os com a m\u00e1xima efici\u00eancia,<\/span><\/span><span class=\"markedContent\" id=\"page112R_mcid15\"><br role=\"presentation\" \/><span role=\"presentation\" dir=\"ltr\">seguindo todas as normas de Sa\u00fade, Seguran\u00e7a e Meio Ambiente,<\/span><\/span><span class=\"markedContent\" id=\"page112R_mcid16\"><br role=\"presentation\" \/><span role=\"presentation\" dir=\"ltr\">utilizando todos os equipamentos necess\u00e1rios ao seu correto<\/span><\/span><span class=\"markedContent\" id=\"page112R_mcid17\"><br role=\"presentation\" \/><span role=\"presentation\" dir=\"ltr\">cumprimento, tais como, EPIs (equipamentos de prote\u00e7\u00e3o individual),<\/span><\/span><span class=\"markedContent\" id=\"page112R_mcid18\"><br role=\"presentation\" \/><span role=\"presentation\" dir=\"ltr\">andaimes, plataformas para trabalhos a\u00e9reos, i\u00e7amentos e atendimento<\/span><\/span><span class=\"markedContent\" id=\"page112R_mcid19\"><br role=\"presentation\" \/><span role=\"presentation\" dir=\"ltr\">as NR<\/span><\/span><span class=\"markedContent\" id=\"page112R_mcid20\"><span role=\"presentation\" dir=\"ltr\">&#8211;<\/span><\/span><span class=\"markedContent\" id=\"page112R_mcid21\"><span role=\"presentation\" dir=\"ltr\">18 e NR<\/span><\/span><span class=\"markedContent\" id=\"page112R_mcid22\"><span role=\"presentation\" dir=\"ltr\">&#8211;<\/span><\/span><span class=\"markedContent\" id=\"page112R_mcid23\"><span role=\"presentation\" dir=\"ltr\">35: trabalhos em altura.<\/span><\/span><span class=\"markedContent\" id=\"page112R_mcid24\"><br role=\"presentation\" \/><span role=\"presentation\" dir=\"ltr\">Oferece desde a elabora\u00e7\u00e3o de projetos, pois atuamos com<\/span><\/span><span class=\"markedContent\" id=\"page112R_mcid25\"><span role=\"presentation\" dir=\"ltr\"> <\/span><span role=\"presentation\" dir=\"ltr\">Retrofit<\/span><\/span><span class=\"markedContent\" id=\"page112R_mcid26\"><span role=\"presentation\" dir=\"ltr\"> <\/span><span role=\"presentation\" dir=\"ltr\">para<\/span><\/span><span class=\"markedContent\" id=\"page112R_mcid27\"><br role=\"presentation\" \/><span role=\"presentation\" dir=\"ltr\">Ind\u00fastria, at\u00e9 a instala\u00e7\u00e3o e acabamento com atua\u00e7\u00e3o em todo territ\u00f3rio nacional<\/span><\/span><\/p>\t\t\t\t\t\t<\/div>\n\t\t\t\t<\/div>\n\t\t\t\t\t<\/div>\n\t\t<\/div>\n\t\t\t\t<div class=\"elementor-column elementor-col-50 elementor-top-column elementor-element elementor-element-8fdc92e\" data-id=\"8fdc92e\" data-element_type=\"column\">\n\t\t\t<div class=\"elementor-widget-wrap elementor-element-populated\">\n\t\t\t\t\t\t\t\t<div class=\"elementor-element elementor-element-c912b53 elementor-widget elementor-widget-image\" data-id=\"c912b53\" data-element_type=\"widget\" data-widget_type=\"image.default\">\n\t\t\t\t<div class=\"elementor-widget-container\">\n\t\t\t<style>\/*! elementor - v3.6.5 - 27-04-2022 *\/\n.elementor-widget-image{text-align:center}.elementor-widget-image a{display:inline-block}.elementor-widget-image a img[src$=\".svg\"]{width:48px}.elementor-widget-image img{vertical-align:middle;display:inline-block}<\/style>\t\t\t\t\t\t\t\t\t\t\t\t<img loading=\"lazy\" decoding=\"async\" width=\"603\" height=\"357\" src=\"https:\/\/atoengenharia.eng.br\/wp-content\/uploads\/2022\/04\/Screenshot_20220423_124437.png\" class=\"attachment-large size-large\" alt=\"\" srcset=\"https:\/\/atoengenharia.eng.br\/wp-content\/uploads\/2022\/04\/Screenshot_20220423_124437.png 603w, https:\/\/atoengenharia.eng.br\/wp-content\/uploads\/2022\/04\/Screenshot_20220423_124437-300x178.png 300w\" sizes=\"auto, (max-width: 603px) 100vw, 603px\" \/>\t\t\t\t\t\t\t\t\t\t\t\t\t\t\t<\/div>\n\t\t\t\t<\/div>\n\t\t\t\t\t<\/div>\n\t\t<\/div>\n\t\t\t\t\t\t\t<\/div>\n\t\t<\/section>\n\t\t\t\t<section class=\"elementor-section elementor-top-section elementor-element elementor-element-312d1e7 elementor-section-boxed elementor-section-height-default elementor-section-height-default\" data-id=\"312d1e7\" data-element_type=\"section\">\n\t\t\t\t\t\t<div class=\"elementor-container elementor-column-gap-default\">\n\t\t\t\t\t<div class=\"elementor-column elementor-col-100 elementor-top-column elementor-element elementor-element-693fed0\" data-id=\"693fed0\" data-element_type=\"column\">\n\t\t\t<div class=\"elementor-widget-wrap elementor-element-populated\">\n\t\t\t\t\t\t\t\t<div class=\"elementor-element elementor-element-01df5d9 elementor-arrows-position-inside elementor-pagination-position-outside elementor-widget elementor-widget-image-carousel\" data-id=\"01df5d9\" data-element_type=\"widget\" data-settings=\"{&quot;navigation&quot;:&quot;both&quot;,&quot;autoplay&quot;:&quot;yes&quot;,&quot;pause_on_hover&quot;:&quot;yes&quot;,&quot;pause_on_interaction&quot;:&quot;yes&quot;,&quot;autoplay_speed&quot;:5000,&quot;infinite&quot;:&quot;yes&quot;,&quot;speed&quot;:500}\" data-widget_type=\"image-carousel.default\">\n\t\t\t\t<div class=\"elementor-widget-container\">\n\t\t\t<style>\/*! elementor - v3.6.5 - 27-04-2022 *\/\n.elementor-widget-image-carousel .swiper-container{position:static}.elementor-widget-image-carousel .swiper-container .swiper-slide figure{line-height:inherit}.elementor-widget-image-carousel .swiper-slide{text-align:center}.elementor-image-carousel-wrapper:not(.swiper-container-initialized) .swiper-slide{max-width:calc(100% \/ var(--e-image-carousel-slides-to-show, 3))}<\/style>\t\t<div class=\"elementor-image-carousel-wrapper swiper-container\" dir=\"ltr\">\n\t\t\t<div class=\"elementor-image-carousel swiper-wrapper swiper-image-stretch\">\n\t\t\t\t\t\t\t\t<div class=\"swiper-slide\"><figure class=\"swiper-slide-inner\"><img decoding=\"async\" class=\"swiper-slide-image\" src=\"https:\/\/atoengenharia.eng.br\/wp-content\/uploads\/2022\/04\/Pania-Noturno-9-300x225.jpeg\" alt=\"Pania Noturno 9\" \/><\/figure><\/div><div class=\"swiper-slide\"><figure class=\"swiper-slide-inner\"><img decoding=\"async\" class=\"swiper-slide-image\" src=\"https:\/\/atoengenharia.eng.br\/wp-content\/uploads\/2022\/04\/IMG-20201127-WA0145-300x225.jpg\" alt=\"IMG-20201127-WA0145\" \/><\/figure><\/div><div class=\"swiper-slide\"><figure class=\"swiper-slide-inner\"><img decoding=\"async\" class=\"swiper-slide-image\" src=\"https:\/\/atoengenharia.eng.br\/wp-content\/uploads\/2022\/04\/Pania-Noturno-16-300x225.jpeg\" alt=\"Pania Noturno 16\" \/><\/figure><\/div><div class=\"swiper-slide\"><figure class=\"swiper-slide-inner\"><img decoding=\"async\" class=\"swiper-slide-image\" src=\"https:\/\/atoengenharia.eng.br\/wp-content\/uploads\/2022\/04\/IMG-20201127-WA0146-300x225.jpg\" alt=\"IMG-20201127-WA0146\" \/><\/figure><\/div>\t\t\t<\/div>\n\t\t\t\t\t\t\t\t\t\t\t\t<div class=\"swiper-pagination\"><\/div>\n\t\t\t\t\t\t\t\t\t\t\t\t\t<div class=\"elementor-swiper-button elementor-swiper-button-prev\">\n\t\t\t\t\t\t<i aria-hidden=\"true\" class=\"eicon-chevron-left\"><\/i>\t\t\t\t\t\t<span class=\"elementor-screen-only\">Anterior<\/span>\n\t\t\t\t\t<\/div>\n\t\t\t\t\t<div class=\"elementor-swiper-button elementor-swiper-button-next\">\n\t\t\t\t\t\t<i aria-hidden=\"true\" class=\"eicon-chevron-right\"><\/i>\t\t\t\t\t\t<span class=\"elementor-screen-only\">Pr\u00f3ximo<\/span>\n\t\t\t\t\t<\/div>\n\t\t\t\t\t\t\t\t\t<\/div>\n\t\t\t\t<\/div>\n\t\t\t\t<\/div>\n\t\t\t\t\t<\/div>\n\t\t<\/div>\n\t\t\t\t\t\t\t<\/div>\n\t\t<\/section>\n\t\t\t\t<section class=\"elementor-section elementor-top-section elementor-element elementor-element-0b4d4d6 elementor-section-boxed elementor-section-height-default elementor-section-height-default\" data-id=\"0b4d4d6\" data-element_type=\"section\">\n\t\t\t\t\t\t<div class=\"elementor-container elementor-column-gap-default\">\n\t\t\t\t\t<div class=\"elementor-column elementor-col-50 elementor-top-column elementor-element elementor-element-29125ab\" data-id=\"29125ab\" data-element_type=\"column\">\n\t\t\t<div class=\"elementor-widget-wrap elementor-element-populated\">\n\t\t\t\t\t\t\t\t<div class=\"elementor-element elementor-element-edb7716 elementor-widget elementor-widget-image\" data-id=\"edb7716\" data-element_type=\"widget\" data-widget_type=\"image.default\">\n\t\t\t\t<div class=\"elementor-widget-container\">\n\t\t\t\t\t\t\t\t\t\t\t\t\t\t\t<img loading=\"lazy\" decoding=\"async\" width=\"750\" height=\"422\" src=\"https:\/\/atoengenharia.eng.br\/wp-content\/uploads\/2022\/05\/1-1000x563.jpg\" class=\"attachment-large size-large\" alt=\"\" srcset=\"https:\/\/atoengenharia.eng.br\/wp-content\/uploads\/2022\/05\/1-1000x563.jpg 1000w, https:\/\/atoengenharia.eng.br\/wp-content\/uploads\/2022\/05\/1-300x169.jpg 300w, https:\/\/atoengenharia.eng.br\/wp-content\/uploads\/2022\/05\/1-768x432.jpg 768w, https:\/\/atoengenharia.eng.br\/wp-content\/uploads\/2022\/05\/1-1536x864.jpg 1536w, https:\/\/atoengenharia.eng.br\/wp-content\/uploads\/2022\/05\/1.jpg 1600w\" sizes=\"auto, (max-width: 750px) 100vw, 750px\" \/>\t\t\t\t\t\t\t\t\t\t\t\t\t\t\t<\/div>\n\t\t\t\t<\/div>\n\t\t\t\t\t<\/div>\n\t\t<\/div>\n\t\t\t\t<div class=\"elementor-column elementor-col-50 elementor-top-column elementor-element elementor-element-d34e637\" data-id=\"d34e637\" data-element_type=\"column\">\n\t\t\t<div class=\"elementor-widget-wrap elementor-element-populated\">\n\t\t\t\t\t\t\t\t<div class=\"elementor-element elementor-element-58d7cd0 elementor-icon-list--layout-traditional elementor-list-item-link-full_width elementor-widget elementor-widget-icon-list\" data-id=\"58d7cd0\" data-element_type=\"widget\" data-widget_type=\"icon-list.default\">\n\t\t\t\t<div class=\"elementor-widget-container\">\n\t\t\t<link rel=\"stylesheet\" href=\"https:\/\/atoengenharia.eng.br\/wp-content\/plugins\/elementor\/assets\/css\/widget-icon-list.min.css\">\t\t<ul class=\"elementor-icon-list-items\">\n\t\t\t\t\t\t\t<li class=\"elementor-icon-list-item\">\n\t\t\t\t\t\t\t\t\t\t\t<span class=\"elementor-icon-list-icon\">\n\t\t\t\t\t\t\t<i aria-hidden=\"true\" class=\"fas fa-check\"><\/i>\t\t\t\t\t\t<\/span>\n\t\t\t\t\t\t\t\t\t\t<span class=\"elementor-icon-list-text\">Manuten\u00e7\u00e3o de telhados industriais e calhas<\/span>\n\t\t\t\t\t\t\t\t\t<\/li>\n\t\t\t\t\t\t\t\t<li class=\"elementor-icon-list-item\">\n\t\t\t\t\t\t\t\t\t\t\t<span class=\"elementor-icon-list-icon\">\n\t\t\t\t\t\t\t<i aria-hidden=\"true\" class=\"fas fa-check\"><\/i>\t\t\t\t\t\t<\/span>\n\t\t\t\t\t\t\t\t\t\t<span class=\"elementor-icon-list-text\">Substitui\u00e7\u00e3o de calhas e rufos<\/span>\n\t\t\t\t\t\t\t\t\t<\/li>\n\t\t\t\t\t\t\t\t<li class=\"elementor-icon-list-item\">\n\t\t\t\t\t\t\t\t\t\t\t<span class=\"elementor-icon-list-icon\">\n\t\t\t\t\t\t\t<i aria-hidden=\"true\" class=\"fas fa-check\"><\/i>\t\t\t\t\t\t<\/span>\n\t\t\t\t\t\t\t\t\t\t<span class=\"elementor-icon-list-text\">Substitui\u00e7\u00e3o de telhas (parcial ou completa do telhado)<\/span>\n\t\t\t\t\t\t\t\t\t<\/li>\n\t\t\t\t\t\t\t\t<li class=\"elementor-icon-list-item\">\n\t\t\t\t\t\t\t\t\t\t\t<span class=\"elementor-icon-list-icon\">\n\t\t\t\t\t\t\t<i aria-hidden=\"true\" class=\"fas fa-check\"><\/i>\t\t\t\t\t\t<\/span>\n\t\t\t\t\t\t\t\t\t\t<span class=\"elementor-icon-list-text\">Isolamento t\u00e9rmico de coberturas<\/span>\n\t\t\t\t\t\t\t\t\t<\/li>\n\t\t\t\t\t\t\t\t<li class=\"elementor-icon-list-item\">\n\t\t\t\t\t\t\t\t\t\t\t<span class=\"elementor-icon-list-icon\">\n\t\t\t\t\t\t\t<i aria-hidden=\"true\" class=\"fas fa-check\"><\/i>\t\t\t\t\t\t<\/span>\n\t\t\t\t\t\t\t\t\t\t<span class=\"elementor-icon-list-text\">Limpeza e lavagem de telhados e calhas<\/span>\n\t\t\t\t\t\t\t\t\t<\/li>\n\t\t\t\t\t\t\t\t<li class=\"elementor-icon-list-item\">\n\t\t\t\t\t\t\t\t\t\t\t<span class=\"elementor-icon-list-icon\">\n\t\t\t\t\t\t\t<i aria-hidden=\"true\" class=\"fas fa-check\"><\/i>\t\t\t\t\t\t<\/span>\n\t\t\t\t\t\t\t\t\t\t<span class=\"elementor-icon-list-text\">Veda\u00e7\u00e3o\/ estanqueidade de telhados met\u00e1licos<\/span>\n\t\t\t\t\t\t\t\t\t<\/li>\n\t\t\t\t\t\t\t\t<li class=\"elementor-icon-list-item\">\n\t\t\t\t\t\t\t\t\t\t\t<span class=\"elementor-icon-list-icon\">\n\t\t\t\t\t\t\t<i aria-hidden=\"true\" class=\"fas fa-check\"><\/i>\t\t\t\t\t\t<\/span>\n\t\t\t\t\t\t\t\t\t\t<span class=\"elementor-icon-list-text\">Instala\u00e7\u00e3o de dutos para ventila\u00e7\u00e3o e exaustores e\u00f3licos<\/span>\n\t\t\t\t\t\t\t\t\t<\/li>\n\t\t\t\t\t\t<\/ul>\n\t\t\t\t<\/div>\n\t\t\t\t<\/div>\n\t\t\t\t\t<\/div>\n\t\t<\/div>\n\t\t\t\t\t\t\t<\/div>\n\t\t<\/section>\n\t\t\t\t\t\t\t<\/div>\n\t\t","protected":false},"excerpt":{"rendered":"<p>Reforma e manuten\u00e7\u00e3o A ATO ENGENHARIA, atua com projetos de todas as dimens\u00f5es e atende a todos ossegmentos industriais. Conta com os mais experientes e competentes profissionais paraexecutar projetos de:\u2022 Telhado com Abertura para Ventila\u00e7\u00e3o;\u2022 Ventila\u00e7\u00e3o e Exaust\u00e3o de Galp\u00e3o Industrial;\u2022 Domos de Ventila\u00e7\u00e3o;\u2022 Ilumina\u00e7\u00e3o Industrial.Nossa equipe realiza todos os [&hellip;]<\/p>\n","protected":false},"author":1,"featured_media":0,"parent":0,"menu_order":0,"comment_status":"closed","ping_status":"closed","template":"page-templates\/template-pagebuilder-full-width.php","meta":{"footnotes":""},"class_list":["post-390","page","type-page","status-publish","hentry"],"_links":{"self":[{"href":"https:\/\/atoengenharia.eng.br\/index.php\/wp-json\/wp\/v2\/pages\/390","targetHints":{"allow":["GET"]}}],"collection":[{"href":"https:\/\/atoengenharia.eng.br\/index.php\/wp-json\/wp\/v2\/pages"}],"about":[{"href":"https:\/\/atoengenharia.eng.br\/index.php\/wp-json\/wp\/v2\/types\/page"}],"author":[{"embeddable":true,"href":"https:\/\/atoengenharia.eng.br\/index.php\/wp-json\/wp\/v2\/users\/1"}],"replies":[{"embeddable":true,"href":"https:\/\/atoengenharia.eng.br\/index.php\/wp-json\/wp\/v2\/comments?post=390"}],"version-history":[{"count":14,"href":"https:\/\/atoengenharia.eng.br\/index.php\/wp-json\/wp\/v2\/pages\/390\/revisions"}],"predecessor-version":[{"id":411,"href":"https:\/\/atoengenharia.eng.br\/index.php\/wp-json\/wp\/v2\/pages\/390\/revisions\/411"}],"wp:attachment":[{"href":"https:\/\/atoengenharia.eng.br\/index.php\/wp-json\/wp\/v2\/media?parent=390"}],"curies":[{"name":"wp","href":"https:\/\/api.w.org\/{rel}","templated":true}]}}